{"id":4291,"date":"2024-02-02T21:00:04","date_gmt":"2024-02-02T20:00:04","guid":{"rendered":"http:\/\/pkas.cz\/?page_id=4291"},"modified":"2026-04-26T13:19:54","modified_gmt":"2026-04-26T11:19:54","slug":"bezecky-pohar-mladeze","status":"publish","type":"page","link":"http:\/\/pkas.cz\/?page_id=4291","title":{"rendered":"B\u011b\u017eeck\u00fd poh\u00e1r ml\u00e1de\u017ee PKAS"},"content":{"rendered":"\n<div class=\"wp-block-columns is-layout-flex wp-container-core-columns-layout-1 wp-block-columns-is-layout-flex\">\n<div class=\"wp-block-column is-layout-flow wp-block-column-is-layout-flow\">\n<figure class=\"wp-block-image size-large is-resized\"><img loading=\"lazy\" decoding=\"async\" width=\"724\" height=\"1024\" src=\"http:\/\/pkas.cz\/wp-content\/uploads\/2026\/03\/Plakaty-PKAS-2026-1-724x1024.png\" alt=\"\" class=\"wp-image-6135\" style=\"width:369px;height:auto\" srcset=\"http:\/\/pkas.cz\/wp-content\/uploads\/2026\/03\/Plakaty-PKAS-2026-1-724x1024.png 724w, http:\/\/pkas.cz\/wp-content\/uploads\/2026\/03\/Plakaty-PKAS-2026-1-212x300.png 212w, http:\/\/pkas.cz\/wp-content\/uploads\/2026\/03\/Plakaty-PKAS-2026-1-768x1086.png 768w, http:\/\/pkas.cz\/wp-content\/uploads\/2026\/03\/Plakaty-PKAS-2026-1-1086x1536.png 1086w, http:\/\/pkas.cz\/wp-content\/uploads\/2026\/03\/Plakaty-PKAS-2026-1-1448x2048.png 1448w, http:\/\/pkas.cz\/wp-content\/uploads\/2026\/03\/Plakaty-PKAS-2026-1.png 1587w\" sizes=\"(max-width: 724px) 100vw, 724px\" \/><figcaption class=\"wp-element-caption\">   <\/figcaption><\/figure>\n<\/div>\n\n\n\n<div class=\"wp-block-column is-layout-flow wp-block-column-is-layout-flow\">\n<p><strong>S\u00c9RIE 2026<\/strong><\/p>\n\n\n\n<ul>\n<li><a href=\"https:\/\/www.pro-sport.cz\/zavody?categoryId=32133&amp;id=1210245&amp;action=itemDetail&amp;oid=10188802&amp;nid=20978\" target=\"_blank\" rel=\"noreferrer noopener\">B\u011b\u017eeck\u00fd poh\u00e1r ml\u00e1de\u017ee PKAS 2026<\/a><\/li>\n\n\n\n<li><a href=\"http:\/\/pkas.cz\/wp-content\/uploads\/2026\/01\/BPM-PKAS-2026.pdf\" target=\"_blank\" rel=\"noreferrer noopener\">Propozice 2026<\/a><\/li>\n<\/ul>\n\n\n\n<p><a href=\"http:\/\/pkas.cz\/?p=6132\" target=\"_blank\" rel=\"noreferrer noopener\">HomeRun Ky\u0161ice 28. 2. 2026<\/a>, <a href=\"http:\/\/pkas.cz\/wp-content\/uploads\/2026\/03\/Vysledky-HRK-26.xlsx\" target=\"_blank\" rel=\"noreferrer noopener\">HomeRun Ky\u0161ice (v\u00fdsledky)<\/a><br><a href=\"http:\/\/pkas.cz\/wp-content\/uploads\/2026\/04\/Vysledky-Beh-okolo-Kyjova-2026.pdf\" target=\"_blank\" rel=\"noreferrer noopener\">B\u011bh okolo Kyjova (v\u00fdsledky)<\/a><br><a href=\"http:\/\/pkas.cz\/wp-content\/uploads\/2026\/04\/Beh-osvobozeni-2026_vysledkyy.xlsx\" target=\"_blank\" rel=\"noreferrer noopener\">B\u011bh osvobozen\u00ed (v\u00fdsledky)<\/a><br><a href=\"http:\/\/pkas.cz\/wp-content\/uploads\/2026\/04\/vysledky-roudensky-beh-2026.xlsx\" target=\"_blank\" rel=\"noreferrer noopener\">Roudensk\u00fd b\u011bh (v\u00fdsledky)<\/a><br><a href=\"https:\/\/www.aktivsporthtyn.cz\/\" target=\"_blank\" rel=\"noreferrer noopener\">B\u011bh z\u00e1meck\u00fdm parkem 1. 5. 2026<\/a><\/p>\n<\/div>\n<\/div>\n\n\n\n<div class=\"wp-block-columns is-layout-flex wp-container-core-columns-layout-2 wp-block-columns-is-layout-flex\">\n<div class=\"wp-block-column is-layout-flow wp-block-column-is-layout-flow\">\n<p><strong>S\u00c9RIE 2026<\/strong><\/p>\n\n\n\n<ul>\n<li>Kone\u010dn\u00e9 po\u0159ad\u00ed B\u011b\u017eeck\u00e9ho poh\u00e1ru 2026<\/li>\n\n\n\n<li><a href=\"https:\/\/www.pro-sport.cz\/zavody?categoryId=32133&amp;id=1210245&amp;action=itemDetail&amp;oid=10188802&amp;nid=20978\" target=\"_blank\" rel=\"noreferrer noopener\">B\u011b\u017eeck\u00fd poh\u00e1r ml\u00e1de\u017ee PK 2026<\/a><\/li>\n\n\n\n<li><a href=\"http:\/\/pkas.cz\/wp-content\/uploads\/2026\/03\/Plakaty-PKAS-2026-1.png\" target=\"_blank\" rel=\"noreferrer noopener\">Propozice 2026<\/a><\/li>\n<\/ul>\n<\/div>\n\n\n\n<div class=\"wp-block-column is-layout-flow wp-block-column-is-layout-flow\">\n<p><strong>S\u00c9RIE 2025<\/strong><\/p>\n\n\n\n<ul>\n<li><a href=\"https:\/\/www.pro-sport.cz\/zavody?categoryId=32133&amp;id=1210245&amp;action=itemDetail&amp;oid=10188802&amp;nid=20978\" target=\"_blank\" rel=\"noreferrer noopener\">Kone\u010dn\u00e9 po\u0159ad\u00ed B\u011b\u017eeck\u00e9ho poh\u00e1ru 2025<\/a><\/li>\n\n\n\n<li><a href=\"http:\/\/pkas.cz\/wp-content\/uploads\/2025\/04\/bp-mladeze-pk-2025.pdf\" target=\"_blank\" rel=\"noreferrer noopener\">Propozice 2025<\/a><\/li>\n<\/ul>\n<\/div>\n<\/div>\n\n\n\n<div class=\"wp-block-columns is-layout-flex wp-container-core-columns-layout-3 wp-block-columns-is-layout-flex\">\n<div class=\"wp-block-column is-layout-flow wp-block-column-is-layout-flow\">\n<p><strong>S\u00c9RIE 2024<\/strong><\/p>\n\n\n\n<ul>\n<li><a href=\"https:\/\/www.pro-sport.cz\/zavody?categoryId=32133&amp;id=1210245&amp;action=itemDetail&amp;oid=10188802&amp;nid=20978\" target=\"_blank\" rel=\"noreferrer noopener\">Kone\u010dn\u00e9 po\u0159ad\u00ed B\u011b\u017eeck\u00e9ho poh\u00e1ru 2024<\/a><\/li>\n\n\n\n<li><a href=\"http:\/\/pkas.cz\/wp-content\/uploads\/2024\/02\/Bezecky-pohar-mladeze-PK-2024.pdf\" target=\"_blank\" rel=\"noreferrer noopener\">Propozice 2024<\/a><\/li>\n<\/ul>\n<\/div>\n\n\n\n<div class=\"wp-block-column is-layout-flow wp-block-column-is-layout-flow\">\n<p><strong>S\u00c9RIE 2023<\/strong><\/p>\n\n\n\n<ul>\n<li><a href=\"http:\/\/pkas.cz\/wp-content\/uploads\/2024\/01\/Konecne-vysledky-BP-2023.xlsx\" target=\"_blank\" rel=\"noreferrer noopener\">Kone\u010dn\u00e9 po\u0159ad\u00ed B\u011b\u017eeck\u00e9ho poh\u00e1ru 2023<\/a><\/li>\n\n\n\n<li><a href=\"http:\/\/pkas.cz\/wp-content\/uploads\/2023\/04\/Letak-BPMPK-23-1.pdf\" target=\"_blank\" rel=\"noreferrer noopener\">Propozice 2023<\/a><\/li>\n<\/ul>\n<\/div>\n<\/div>\n","protected":false},"excerpt":{"rendered":"<p>S\u00c9RIE 2026 HomeRun Ky\u0161ice 28. 2. 2026, HomeRun Ky\u0161ice (v\u00fdsledky)B\u011bh okolo Kyjova (v\u00fdsledky)B\u011bh osvobozen\u00ed (v\u00fdsledky)Roudensk\u00fd b\u011bh (v\u00fdsledky)B\u011bh z\u00e1meck\u00fdm parkem 1. 5. 2026 S\u00c9RIE 2026 S\u00c9RIE&hellip;<\/p>\n","protected":false},"author":1,"featured_media":0,"parent":0,"menu_order":0,"comment_status":"closed","ping_status":"closed","template":"","meta":{"footnotes":""},"jetpack_sharing_enabled":true,"_links":{"self":[{"href":"http:\/\/pkas.cz\/index.php?rest_route=\/wp\/v2\/pages\/4291"}],"collection":[{"href":"http:\/\/pkas.cz\/index.php?rest_route=\/wp\/v2\/pages"}],"about":[{"href":"http:\/\/pkas.cz\/index.php?rest_route=\/wp\/v2\/types\/page"}],"author":[{"embeddable":true,"href":"http:\/\/pkas.cz\/index.php?rest_route=\/wp\/v2\/users\/1"}],"replies":[{"embeddable":true,"href":"http:\/\/pkas.cz\/index.php?rest_route=%2Fwp%2Fv2%2Fcomments&post=4291"}],"version-history":[{"count":24,"href":"http:\/\/pkas.cz\/index.php?rest_route=\/wp\/v2\/pages\/4291\/revisions"}],"predecessor-version":[{"id":6303,"href":"http:\/\/pkas.cz\/index.php?rest_route=\/wp\/v2\/pages\/4291\/revisions\/6303"}],"wp:attachment":[{"href":"http:\/\/pkas.cz\/index.php?rest_route=%2Fwp%2Fv2%2Fmedia&parent=4291"}],"curies":[{"name":"wp","href":"https:\/\/api.w.org\/{rel}","templated":true}]}}